{"id":834,"date":"2022-01-20T20:31:12","date_gmt":"2022-01-20T19:31:12","guid":{"rendered":"https:\/\/ijsselmeerstraat190.nl\/?page_id=834"},"modified":"2024-06-08T14:38:56","modified_gmt":"2024-06-08T12:38:56","slug":"umgebung","status":"publish","type":"page","link":"https:\/\/ijsselmeerstraat190.nl\/?page_id=834&lang=de","title":{"rendered":"Die Umgebung"},"content":{"rendered":"\n<h2 class=\"ticss-ef2fb508 wp-block-heading\" id=\"die-umgebung\"> Die Umgebung <\/h2>\n\n\n\n<p>In der n\u00e4hen Umgebung den Ferienpark gibt es viele Freizeitm\u00f6glichkeiten. F\u00fcr Jung und Alt, sportlich und entspannt. Zu jeder Jahreszeit gibt es etwas zu tun. Auch im Herbst und Winter. Schauen Sie sich die <a href=\"http:\/\/www.visitmedemblik.nl\/de\" target=\"_blank\" rel=\"noreferrer noopener\">Besucherseite<\/a> von Medemblik an.<\/p>\n\n\n\n<div id=\"wp-block-themeisle-blocks-advanced-columns-95b8ef67\" class=\"wp-block-themeisle-blocks-advanced-columns has-2-columns has-desktop-oneTwo-layout has-tablet-collapsedRows-layout has-mobile-collapsedRows-layout has-vertical-unset\"><div class=\"wp-block-themeisle-blocks-advanced-columns-overlay\"><\/div><div class=\"innerblocks-wrap\">\n<div id=\"wp-block-themeisle-blocks-advanced-column-8fb52c3a\" class=\"wp-block-themeisle-blocks-advanced-column\">\n<figure class=\"wp-block-image size-full is-resized\" id=\"wp-block-themeisle-blocks-image-4c13024b\"><img data-recalc-dims=\"1\" loading=\"lazy\" decoding=\"async\" src=\"https:\/\/i0.wp.com\/ijsselmeerstraat190.nl\/wp-content\/uploads\/2022\/02\/centrum-2-edited-1.jpg?resize=579%2C386&#038;ssl=1\" alt=\"Zentrum Medemblik\" class=\"wp-image-1014\" width=\"579\" height=\"386\" srcset=\"https:\/\/i0.wp.com\/ijsselmeerstraat190.nl\/wp-content\/uploads\/2022\/02\/centrum-2-edited-1.jpg?w=579&amp;ssl=1 579w, https:\/\/i0.wp.com\/ijsselmeerstraat190.nl\/wp-content\/uploads\/2022\/02\/centrum-2-edited-1.jpg?resize=300%2C200&amp;ssl=1 300w\" sizes=\"auto, (max-width: 579px) 100vw, 579px\" \/><figcaption>Medemblik<\/figcaption><\/figure>\n<\/div>\n\n\n\n<div id=\"wp-block-themeisle-blocks-advanced-column-480facf2\" class=\"wp-block-themeisle-blocks-advanced-column\">\n<h3 class=\"wp-block-heading\" id=\"wassersport\">Medemblik Zentrum<\/h3>\n\n\n\n<p>Die gem\u00fctliche Altstadt von Medemblik mit ihren 3 H\u00e4fen ist immer einen Besuch wert. Es gibt viele sch\u00f6ne Gesch\u00e4fte und Restaurants. Genie\u00dfen Sie die sch\u00f6nen alten Geb\u00e4ude entlang der historischen Stra\u00dfen. Die H\u00e4fen sind voll von alten und modernen Booten. Bei einem der vielen Segelwettbewerbe in Medemblik ist es sch\u00f6n gesch\u00e4ftig.<\/p>\n<\/div>\n<\/div><\/div>\n\n\n\n<div id=\"wp-block-themeisle-blocks-advanced-columns-20e76f85\" class=\"wp-block-themeisle-blocks-advanced-columns has-2-columns has-desktop-equal-layout has-tablet-collapsedRows-layout has-mobile-collapsedRows-layout has-vertical-unset\"><div class=\"wp-block-themeisle-blocks-advanced-columns-overlay\"><\/div><div class=\"innerblocks-wrap\">\n<div id=\"wp-block-themeisle-blocks-advanced-column-66100a10\" class=\"wp-block-themeisle-blocks-advanced-column\"><div class=\"wp-block-image\">\n<figure class=\"aligncenter size-large\" id=\"wp-block-themeisle-blocks-image-db0c8cbb\"><img data-recalc-dims=\"1\" loading=\"lazy\" decoding=\"async\" width=\"980\" height=\"651\" src=\"https:\/\/i0.wp.com\/ijsselmeerstraat190.nl\/wp-content\/uploads\/2022\/02\/radboud-2-edited.jpg?resize=980%2C651&#038;ssl=1\" alt=\"Schloss Radboud\" class=\"wp-image-1012\" srcset=\"https:\/\/i0.wp.com\/ijsselmeerstraat190.nl\/wp-content\/uploads\/2022\/02\/radboud-2-edited.jpg?w=980&amp;ssl=1 980w, https:\/\/i0.wp.com\/ijsselmeerstraat190.nl\/wp-content\/uploads\/2022\/02\/radboud-2-edited.jpg?resize=300%2C199&amp;ssl=1 300w, https:\/\/i0.wp.com\/ijsselmeerstraat190.nl\/wp-content\/uploads\/2022\/02\/radboud-2-edited.jpg?resize=768%2C510&amp;ssl=1 768w\" sizes=\"auto, (max-width: 980px) 100vw, 980px\" \/><figcaption>Schloss Radboud<\/figcaption><\/figure><\/div><\/div>\n\n\n\n<div id=\"wp-block-themeisle-blocks-advanced-column-996430d4\" class=\"wp-block-themeisle-blocks-advanced-column\">\n<h3 class=\"wp-block-heading\" id=\"wassersport\">alte holl\u00e4ndische Kultur<\/h3>\n\n\n\n<p>Medemblik ist eine der alten Hafenst\u00e4dte rund um das IJsselmeer. Daher gibt es viel an alt Holl\u00e4ndischer Kultur:<\/p>\n\n\n\n<ul class=\"wp-block-list\"><li>Schloss Radboud (<a href=\"http:\/\/www.kasteelradboud.nl\" target=\"_blank\" rel=\"noreferrer noopener nofollow\">www.kasteelradboud.nl<\/a>)<\/li><li>Dampfmachinenmuseum (<a href=\"http:\/\/www.stoommachinemuseum.nl\" target=\"_blank\" rel=\"noreferrer noopener nofollow\">www.stoommachinemuseum.nl<\/a>)<\/li><li>Dampfkleinbahn (<a href=\"http:\/\/www.stoomtram.nl\" target=\"_blank\" rel=\"noreferrer noopener nofollow\">www.stoomtram.nl<\/a>)<\/li><li>B\u00e4ckereimuseum (<a href=\"http:\/\/www.deoudebakkerij.nl\" target=\"_blank\" rel=\"noreferrer noopener nofollow\">www.deoudebakkerij.nl<\/a>)<\/li><li>Kriegsmuseum (<a href=\"http:\/\/www.educatiefwo2centrum.nl\" target=\"_blank\" rel=\"noreferrer noopener nofollow\">www.educatiefwo2centrum.nl<\/a>)<\/li><li>Die M\u00fchle &#8220;de Herder&#8221; (<a href=\"http:\/\/www.meelmolendeherder.nl\" target=\"_blank\" rel=\"noreferrer noopener nofollow\">www.meelmolendeherder.nl<\/a>)<\/li><li>Koningin Emmapark<\/li><li>Mehr auf <a href=\"http:\/\/www.visitmedemblik.nl\/de\" target=\"_blank\" rel=\"noreferrer noopener nofollow\">www.visitmedemblik.nl<\/a><\/li><\/ul>\n<\/div>\n<\/div><\/div>\n\n\n\n<div id=\"wp-block-themeisle-blocks-advanced-columns-4f83fa16\" class=\"wp-block-themeisle-blocks-advanced-columns has-2-columns has-desktop-equal-layout has-tablet-collapsedRows-layout has-mobile-collapsedRows-layout has-vertical-unset\"><div class=\"wp-block-themeisle-blocks-advanced-columns-overlay\"><\/div><div class=\"innerblocks-wrap\">\n<div id=\"wp-block-themeisle-blocks-advanced-column-5b54b7cb\" class=\"wp-block-themeisle-blocks-advanced-column\">\n<figure class=\"wp-block-image size-full\" id=\"wp-block-themeisle-blocks-image-7083c0c6\"><img data-recalc-dims=\"1\" loading=\"lazy\" decoding=\"async\" width=\"800\" height=\"533\" src=\"https:\/\/i0.wp.com\/ijsselmeerstraat190.nl\/wp-content\/uploads\/2022\/01\/watersport-1.jpg?resize=800%2C533&#038;ssl=1\" alt=\"\" class=\"wp-image-723\" srcset=\"https:\/\/i0.wp.com\/ijsselmeerstraat190.nl\/wp-content\/uploads\/2022\/01\/watersport-1.jpg?w=800&amp;ssl=1 800w, https:\/\/i0.wp.com\/ijsselmeerstraat190.nl\/wp-content\/uploads\/2022\/01\/watersport-1.jpg?resize=300%2C200&amp;ssl=1 300w, https:\/\/i0.wp.com\/ijsselmeerstraat190.nl\/wp-content\/uploads\/2022\/01\/watersport-1.jpg?resize=768%2C512&amp;ssl=1 768w\" sizes=\"auto, (max-width: 800px) 100vw, 800px\" \/><\/figure>\n<\/div>\n\n\n\n<div id=\"wp-block-themeisle-blocks-advanced-column-42638ac7\" class=\"wp-block-themeisle-blocks-advanced-column\">\n<h3 class=\"wp-block-heading\" id=\"wassersport\">Wassersport<\/h3>\n\n\n\n<p>F\u00fcr Wassersportler ist Medemblik eine der besten St\u00e4dte, um einen Urlaub zu verbringen. Nicht umsonst trainiert das niederl\u00e4ndische Olympia-Segelteam regelm\u00e4\u00dfig im Regattazentrum in Medemblik. Vom Ruderboot bis zur Segelyacht und vom Supboard bis zum Kite, es ist alles m\u00f6glich. Es gibt das gro\u00dfe IJsselmeer, aber auch das ruhige seewasser. Das Supboard oder Ruderboot kann sogar am hauseigenen Steg festgemacht werden.<\/p>\n<\/div>\n<\/div><\/div>\n\n\n\n<div id=\"wp-block-themeisle-blocks-advanced-columns-adb70436\" class=\"wp-block-themeisle-blocks-advanced-columns has-2-columns has-desktop-oneTwo-layout has-tablet-collapsedRows-layout has-mobile-collapsedRows-layout has-vertical-unset\"><div class=\"wp-block-themeisle-blocks-advanced-columns-overlay\"><\/div><div class=\"innerblocks-wrap\">\n<div id=\"wp-block-themeisle-blocks-advanced-column-d51196df\" class=\"wp-block-themeisle-blocks-advanced-column\"><div class=\"wp-block-image\">\n<figure class=\"alignleft size-full\" id=\"wp-block-themeisle-blocks-image-d133558c\"><img data-recalc-dims=\"1\" loading=\"lazy\" decoding=\"async\" width=\"374\" height=\"249\" src=\"https:\/\/i0.wp.com\/ijsselmeerstraat190.nl\/wp-content\/uploads\/2022\/02\/strand-1-edited.jpg?resize=374%2C249&#038;ssl=1\" alt=\"\" class=\"wp-image-1015\" srcset=\"https:\/\/i0.wp.com\/ijsselmeerstraat190.nl\/wp-content\/uploads\/2022\/02\/strand-1-edited.jpg?w=374&amp;ssl=1 374w, https:\/\/i0.wp.com\/ijsselmeerstraat190.nl\/wp-content\/uploads\/2022\/02\/strand-1-edited.jpg?resize=300%2C200&amp;ssl=1 300w\" sizes=\"auto, (max-width: 374px) 100vw, 374px\" \/><\/figure><\/div><\/div>\n\n\n\n<div id=\"wp-block-themeisle-blocks-advanced-column-6465f02a\" class=\"wp-block-themeisle-blocks-advanced-column\">\n<h3 class=\"wp-block-heading\" id=\"erholungsgebiet\">Erholungsgebiet<\/h3>\n\n\n\n<p>Direkt gegen\u00fcber dem Park auf der anderen Seite des Deichs befindet sich ein gro\u00dfes erholungsgebiet mit mehreren Str\u00e4nden, Spazier- und Radwegen. Hier k\u00f6nnen Sie Sport treiben, Fahrrad fahren, Handbike fahren oder an einem der (Kinder)Str\u00e4nde oder Wiesen entspannen. Mittag- oder Abendessen k\u00f6nnen Sie im Strandpavillon De Zoete Zee genie\u00dfen.<\/p>\n<\/div>\n<\/div><\/div>\n\n\n\n<div id=\"wp-block-themeisle-blocks-advanced-columns-66d9f050\" class=\"wp-block-themeisle-blocks-advanced-columns has-2-columns has-desktop-twoOne-layout has-tablet-collapsedRows-layout has-mobile-collapsedRows-layout has-vertical-unset\"><div class=\"wp-block-themeisle-blocks-advanced-columns-overlay\"><\/div><div class=\"innerblocks-wrap\">\n<div id=\"wp-block-themeisle-blocks-advanced-column-cd7c843b\" class=\"wp-block-themeisle-blocks-advanced-column\">\n<figure class=\"wp-block-image size-full ticss-b64e94ea\" id=\"wp-block-themeisle-blocks-image-2b9f71df\"><img data-recalc-dims=\"1\" loading=\"lazy\" decoding=\"async\" width=\"1200\" height=\"379\" src=\"https:\/\/i0.wp.com\/ijsselmeerstraat190.nl\/wp-content\/uploads\/2022\/01\/hoorn-1.jpg?resize=1200%2C379&#038;ssl=1\" alt=\"\" class=\"wp-image-734\" srcset=\"https:\/\/i0.wp.com\/ijsselmeerstraat190.nl\/wp-content\/uploads\/2022\/01\/hoorn-1.jpg?w=1360&amp;ssl=1 1360w, https:\/\/i0.wp.com\/ijsselmeerstraat190.nl\/wp-content\/uploads\/2022\/01\/hoorn-1.jpg?resize=300%2C95&amp;ssl=1 300w, https:\/\/i0.wp.com\/ijsselmeerstraat190.nl\/wp-content\/uploads\/2022\/01\/hoorn-1.jpg?resize=1024%2C324&amp;ssl=1 1024w, https:\/\/i0.wp.com\/ijsselmeerstraat190.nl\/wp-content\/uploads\/2022\/01\/hoorn-1.jpg?resize=768%2C243&amp;ssl=1 768w\" sizes=\"auto, (max-width: 1200px) 100vw, 1200px\" \/><figcaption>Hoorn<\/figcaption><\/figure>\n\n\n\n<div class=\"wp-block-columns is-layout-flex wp-container-core-columns-is-layout-1 wp-block-columns-is-layout-flex\">\n<div class=\"wp-block-column is-layout-flow wp-block-column-is-layout-flow\" style=\"flex-basis:100%\">\n<div id=\"wp-block-themeisle-blocks-advanced-columns-42451223\" class=\"wp-block-themeisle-blocks-advanced-columns has-2-columns has-desktop-oneTwo-layout has-tablet-collapsedRows-layout has-mobile-collapsedRows-layout has-vertical-unset\"><div class=\"wp-block-themeisle-blocks-advanced-columns-overlay\"><\/div><div class=\"innerblocks-wrap\">\n<div id=\"wp-block-themeisle-blocks-advanced-column-5fb41eaa\" class=\"wp-block-themeisle-blocks-advanced-column\"><div class=\"wp-block-image\">\n<figure class=\"alignleft size-full\" id=\"wp-block-themeisle-blocks-image-f3230182\"><img data-recalc-dims=\"1\" loading=\"lazy\" decoding=\"async\" width=\"300\" height=\"168\" src=\"https:\/\/i0.wp.com\/ijsselmeerstraat190.nl\/wp-content\/uploads\/2022\/01\/zuiderzeemuseum-1-1.jpg?resize=300%2C168&#038;ssl=1\" alt=\"\" class=\"wp-image-731\"\/><figcaption>Zuiderzeemuseum in Enkhuizen<\/figcaption><\/figure><\/div><\/div>\n\n\n\n<div id=\"wp-block-themeisle-blocks-advanced-column-343989eb\" class=\"wp-block-themeisle-blocks-advanced-column\">\n<figure class=\"wp-block-image size-full\" id=\"wp-block-themeisle-blocks-image-97c55002\"><img data-recalc-dims=\"1\" loading=\"lazy\" decoding=\"async\" width=\"1200\" height=\"900\" src=\"https:\/\/i0.wp.com\/ijsselmeerstraat190.nl\/wp-content\/uploads\/2022\/01\/zuiderzeemuseum-2-1.jpg?resize=1200%2C900&#038;ssl=1\" alt=\"\" class=\"wp-image-733\" srcset=\"https:\/\/i0.wp.com\/ijsselmeerstraat190.nl\/wp-content\/uploads\/2022\/01\/zuiderzeemuseum-2-1.jpg?w=1440&amp;ssl=1 1440w, https:\/\/i0.wp.com\/ijsselmeerstraat190.nl\/wp-content\/uploads\/2022\/01\/zuiderzeemuseum-2-1.jpg?resize=300%2C225&amp;ssl=1 300w, https:\/\/i0.wp.com\/ijsselmeerstraat190.nl\/wp-content\/uploads\/2022\/01\/zuiderzeemuseum-2-1.jpg?resize=1024%2C768&amp;ssl=1 1024w, https:\/\/i0.wp.com\/ijsselmeerstraat190.nl\/wp-content\/uploads\/2022\/01\/zuiderzeemuseum-2-1.jpg?resize=768%2C576&amp;ssl=1 768w\" sizes=\"auto, (max-width: 1200px) 100vw, 1200px\" \/><figcaption>Zuiderzeemuseum<\/figcaption><\/figure>\n<\/div>\n<\/div><\/div>\n<\/div>\n<\/div>\n<\/div>\n\n\n\n<div id=\"wp-block-themeisle-blocks-advanced-column-9cb1195f\" class=\"wp-block-themeisle-blocks-advanced-column\">\n<h3 class=\"wp-block-heading\" id=\"stadte-in-der-region\">St\u00e4dte in der Region<\/h3>\n\n\n\n<p>In der Region von Medemblik liegen mehrere andere sch\u00f6ne St\u00e4dte wie Enkhuizen und Hoorn. Das &#8220;Zuiderzeemuseum&#8221; in Enkhuizen ist auf jeden Fall einen Besuch wert. Oder &#8220;Sprookjeswonderland&#8221; f\u00fcr die kleinen Kinder. Sowohl Enkhuizen als Hoorn haben auch einen sch\u00f6nen historischen Hafen. Sie k\u00f6nnen diese  St\u00e4dte  mit dem Zug oder dem Boot vom Dampfkleinbahn museum in Medemblik aus, erreichen.<br><br>Und auch Amsterdam ist in 45 Minuten mit dem Auto erreichbar.<\/p>\n<\/div>\n<\/div><\/div>\n\n\n\n<div id=\"wp-block-themeisle-blocks-advanced-columns-53fc780d\" class=\"wp-block-themeisle-blocks-advanced-columns has-1-columns has-desktop-equal-layout has-tablet-equal-layout has-mobile-equal-layout has-vertical-unset\"><div class=\"wp-block-themeisle-blocks-advanced-columns-overlay\"><\/div><div class=\"innerblocks-wrap\">\n<div id=\"wp-block-themeisle-blocks-advanced-column-bf8aef96\" class=\"wp-block-themeisle-blocks-advanced-column\">\n<h3 class=\"wp-block-heading\" id=\"praktisch\">Praktisch<\/h3>\n\n\n\n<p>Neben allen Freizeiteinrichtungen verf\u00fcgt Medemblik auch \u00fcber alle praktischen Einrichtungen. Es gibt Einkaufsm\u00f6glichkeiten (Albert Heijn, Aldi, Spar, Kruidvat) auf 2 Kilometer vom Haus. Es gibt auch einen Arzt.<\/p>\n<\/div>\n<\/div><\/div>\n\n\n\n<div class=\"wp-block-cover alignfull is-light has-custom-content-position is-position-bottom-center\"><span aria-hidden=\"true\" class=\"wp-block-cover__background has-nv-light-bg-background-color has-background-dim\"><\/span><img data-recalc-dims=\"1\" loading=\"lazy\" decoding=\"async\" width=\"960\" height=\"540\" class=\"wp-block-cover__image-background wp-image-893\" alt=\"\" src=\"https:\/\/i0.wp.com\/ijsselmeerstraat190.nl\/wp-content\/uploads\/2022\/01\/centrum-1-1.jpg?resize=960%2C540&#038;ssl=1\" style=\"object-position:52% 37%\" data-object-fit=\"cover\" data-object-position=\"52% 37%\" srcset=\"https:\/\/i0.wp.com\/ijsselmeerstraat190.nl\/wp-content\/uploads\/2022\/01\/centrum-1-1.jpg?w=960&amp;ssl=1 960w, https:\/\/i0.wp.com\/ijsselmeerstraat190.nl\/wp-content\/uploads\/2022\/01\/centrum-1-1.jpg?resize=300%2C169&amp;ssl=1 300w, https:\/\/i0.wp.com\/ijsselmeerstraat190.nl\/wp-content\/uploads\/2022\/01\/centrum-1-1.jpg?resize=768%2C432&amp;ssl=1 768w\" sizes=\"auto, (max-width: 960px) 100vw, 960px\" \/><div class=\"wp-block-cover__inner-container is-layout-flow wp-block-cover-is-layout-flow\">\n<p class=\"has-text-align-center has-large-font-size\"><\/p>\n<\/div><\/div>\n","protected":false},"excerpt":{"rendered":"<p>Die Umgebung In der n\u00e4hen Umgebung den Ferienpark gibt es viele Freizeitm\u00f6glichkeiten. F\u00fcr Jung und Alt, sportlich und entspannt. Zu jeder Jahreszeit gibt es etwas zu tun. Auch im Herbst und Winter. Schauen Sie sich die Besucherseite von Medemblik an.<\/p>\n","protected":false},"author":1,"featured_media":0,"parent":0,"menu_order":0,"comment_status":"closed","ping_status":"closed","template":"","meta":{"neve_meta_sidebar":"","neve_meta_container":"","neve_meta_enable_content_width":"","neve_meta_content_width":0,"neve_meta_title_alignment":"","neve_meta_author_avatar":"","neve_post_elements_order":"","neve_meta_disable_header":"","neve_meta_disable_footer":"","neve_meta_disable_title":"","_themeisle_gutenberg_block_has_review":false,"footnotes":""},"class_list":["post-834","page","type-page","status-publish","hentry"],"yoast_head":"<!-- This site is optimized with the Yoast SEO plugin v26.2 - https:\/\/yoast.com\/wordpress\/plugins\/seo\/ -->\r\n<title>Die Umgebung | IJsselmeerstraat190<\/title>\r\n<meta name=\"robots\" content=\"index, follow, max-snippet:-1, max-image-preview:large, max-video-preview:-1\" \/>\r\n<link rel=\"canonical\" href=\"https:\/\/ijsselmeerstraat190.nl\/?page_id=834&lang=de\" \/>\r\n<meta property=\"og:locale\" content=\"nl_NL\" \/>\r\n<meta property=\"og:type\" content=\"article\" \/>\r\n<meta property=\"og:title\" content=\"Die Umgebung | IJsselmeerstraat190\" \/>\r\n<meta property=\"og:description\" content=\"Die Umgebung In der n\u00e4hen Umgebung den Ferienpark gibt es viele Freizeitm\u00f6glichkeiten. F\u00fcr Jung und Alt, sportlich und entspannt. Zu jeder Jahreszeit gibt es etwas zu tun. Auch im Herbst und Winter. Schauen Sie sich die Besucherseite von Medemblik an.\" \/>\r\n<meta property=\"og:url\" content=\"https:\/\/ijsselmeerstraat190.nl\/?page_id=834&amp;lang=de\" \/>\r\n<meta property=\"og:site_name\" content=\"IJsselmeerstraat190\" \/>\r\n<meta property=\"article:modified_time\" content=\"2024-06-08T12:38:56+00:00\" \/>\r\n<meta property=\"og:image\" content=\"https:\/\/ijsselmeerstraat190.nl\/wp-content\/uploads\/2022\/02\/centrum-2-edited-1.jpg\" \/>\r\n<meta name=\"twitter:card\" content=\"summary_large_image\" \/>\r\n<meta name=\"twitter:label1\" content=\"Geschatte leestijd\" \/>\n\t<meta name=\"twitter:data1\" content=\"4 minuten\" \/>\r\n<script type=\"application\/ld+json\" class=\"yoast-schema-graph\">{\"@context\":\"https:\/\/schema.org\",\"@graph\":[{\"@type\":\"WebPage\",\"@id\":\"https:\/\/ijsselmeerstraat190.nl\/?page_id=834&lang=de\",\"url\":\"https:\/\/ijsselmeerstraat190.nl\/?page_id=834&lang=de\",\"name\":\"Die Umgebung | IJsselmeerstraat190\",\"isPartOf\":{\"@id\":\"https:\/\/ijsselmeerstraat190.nl\/#website\"},\"primaryImageOfPage\":{\"@id\":\"https:\/\/ijsselmeerstraat190.nl\/?page_id=834&lang=de#primaryimage\"},\"image\":{\"@id\":\"https:\/\/ijsselmeerstraat190.nl\/?page_id=834&lang=de#primaryimage\"},\"thumbnailUrl\":\"https:\/\/ijsselmeerstraat190.nl\/wp-content\/uploads\/2022\/02\/centrum-2-edited-1.jpg\",\"datePublished\":\"2022-01-20T19:31:12+00:00\",\"dateModified\":\"2024-06-08T12:38:56+00:00\",\"breadcrumb\":{\"@id\":\"https:\/\/ijsselmeerstraat190.nl\/?page_id=834&lang=de#breadcrumb\"},\"inLanguage\":\"nl-NL\",\"potentialAction\":[{\"@type\":\"ReadAction\",\"target\":[\"https:\/\/ijsselmeerstraat190.nl\/?page_id=834&lang=de\"]}]},{\"@type\":\"ImageObject\",\"inLanguage\":\"nl-NL\",\"@id\":\"https:\/\/ijsselmeerstraat190.nl\/?page_id=834&lang=de#primaryimage\",\"url\":\"https:\/\/i0.wp.com\/ijsselmeerstraat190.nl\/wp-content\/uploads\/2022\/02\/centrum-2-edited-1.jpg?fit=579%2C386&ssl=1\",\"contentUrl\":\"https:\/\/i0.wp.com\/ijsselmeerstraat190.nl\/wp-content\/uploads\/2022\/02\/centrum-2-edited-1.jpg?fit=579%2C386&ssl=1\",\"width\":579,\"height\":386,\"caption\":\"Medemblik\"},{\"@type\":\"BreadcrumbList\",\"@id\":\"https:\/\/ijsselmeerstraat190.nl\/?page_id=834&lang=de#breadcrumb\",\"itemListElement\":[{\"@type\":\"ListItem\",\"position\":1,\"name\":\"Home\",\"item\":\"https:\/\/ijsselmeerstraat190.nl\/\"},{\"@type\":\"ListItem\",\"position\":2,\"name\":\"Die Umgebung\"}]},{\"@type\":\"WebSite\",\"@id\":\"https:\/\/ijsselmeerstraat190.nl\/#website\",\"url\":\"https:\/\/ijsselmeerstraat190.nl\/\",\"name\":\"IJsselmeerstraat190\",\"description\":\"Luxury holiday home for every body\",\"publisher\":{\"@id\":\"https:\/\/ijsselmeerstraat190.nl\/#organization\"},\"potentialAction\":[{\"@type\":\"SearchAction\",\"target\":{\"@type\":\"EntryPoint\",\"urlTemplate\":\"https:\/\/ijsselmeerstraat190.nl\/?s={search_term_string}\"},\"query-input\":{\"@type\":\"PropertyValueSpecification\",\"valueRequired\":true,\"valueName\":\"search_term_string\"}}],\"inLanguage\":\"nl-NL\"},{\"@type\":\"Organization\",\"@id\":\"https:\/\/ijsselmeerstraat190.nl\/#organization\",\"name\":\"ijsselmeerstraat190\",\"url\":\"https:\/\/ijsselmeerstraat190.nl\/\",\"logo\":{\"@type\":\"ImageObject\",\"inLanguage\":\"nl-NL\",\"@id\":\"https:\/\/ijsselmeerstraat190.nl\/#\/schema\/logo\/image\/\",\"url\":\"https:\/\/i0.wp.com\/ijsselmeerstraat190.nl\/wp-content\/uploads\/2021\/12\/ijsselmeerstraat190_01-scaled.jpg?fit=2560%2C1440&ssl=1\",\"contentUrl\":\"https:\/\/i0.wp.com\/ijsselmeerstraat190.nl\/wp-content\/uploads\/2021\/12\/ijsselmeerstraat190_01-scaled.jpg?fit=2560%2C1440&ssl=1\",\"width\":2560,\"height\":1440,\"caption\":\"ijsselmeerstraat190\"},\"image\":{\"@id\":\"https:\/\/ijsselmeerstraat190.nl\/#\/schema\/logo\/image\/\"},\"sameAs\":[\"https:\/\/www.instagram.com\/ijsselmeerstraat190\/\"]}]}<\/script>\r\n<!-- \/ Yoast SEO plugin. -->","yoast_head_json":{"title":"Die Umgebung | IJsselmeerstraat190","robots":{"index":"index","follow":"follow","max-snippet":"max-snippet:-1","max-image-preview":"max-image-preview:large","max-video-preview":"max-video-preview:-1"},"canonical":"https:\/\/ijsselmeerstraat190.nl\/?page_id=834&lang=de","og_locale":"nl_NL","og_type":"article","og_title":"Die Umgebung | IJsselmeerstraat190","og_description":"Die Umgebung In der n\u00e4hen Umgebung den Ferienpark gibt es viele Freizeitm\u00f6glichkeiten. F\u00fcr Jung und Alt, sportlich und entspannt. Zu jeder Jahreszeit gibt es etwas zu tun. Auch im Herbst und Winter. Schauen Sie sich die Besucherseite von Medemblik an.","og_url":"https:\/\/ijsselmeerstraat190.nl\/?page_id=834&lang=de","og_site_name":"IJsselmeerstraat190","article_modified_time":"2024-06-08T12:38:56+00:00","og_image":[{"url":"https:\/\/ijsselmeerstraat190.nl\/wp-content\/uploads\/2022\/02\/centrum-2-edited-1.jpg","type":"","width":"","height":""}],"twitter_card":"summary_large_image","twitter_misc":{"Geschatte leestijd":"4 minuten"},"schema":{"@context":"https:\/\/schema.org","@graph":[{"@type":"WebPage","@id":"https:\/\/ijsselmeerstraat190.nl\/?page_id=834&lang=de","url":"https:\/\/ijsselmeerstraat190.nl\/?page_id=834&lang=de","name":"Die Umgebung | IJsselmeerstraat190","isPartOf":{"@id":"https:\/\/ijsselmeerstraat190.nl\/#website"},"primaryImageOfPage":{"@id":"https:\/\/ijsselmeerstraat190.nl\/?page_id=834&lang=de#primaryimage"},"image":{"@id":"https:\/\/ijsselmeerstraat190.nl\/?page_id=834&lang=de#primaryimage"},"thumbnailUrl":"https:\/\/ijsselmeerstraat190.nl\/wp-content\/uploads\/2022\/02\/centrum-2-edited-1.jpg","datePublished":"2022-01-20T19:31:12+00:00","dateModified":"2024-06-08T12:38:56+00:00","breadcrumb":{"@id":"https:\/\/ijsselmeerstraat190.nl\/?page_id=834&lang=de#breadcrumb"},"inLanguage":"nl-NL","potentialAction":[{"@type":"ReadAction","target":["https:\/\/ijsselmeerstraat190.nl\/?page_id=834&lang=de"]}]},{"@type":"ImageObject","inLanguage":"nl-NL","@id":"https:\/\/ijsselmeerstraat190.nl\/?page_id=834&lang=de#primaryimage","url":"https:\/\/i0.wp.com\/ijsselmeerstraat190.nl\/wp-content\/uploads\/2022\/02\/centrum-2-edited-1.jpg?fit=579%2C386&ssl=1","contentUrl":"https:\/\/i0.wp.com\/ijsselmeerstraat190.nl\/wp-content\/uploads\/2022\/02\/centrum-2-edited-1.jpg?fit=579%2C386&ssl=1","width":579,"height":386,"caption":"Medemblik"},{"@type":"BreadcrumbList","@id":"https:\/\/ijsselmeerstraat190.nl\/?page_id=834&lang=de#breadcrumb","itemListElement":[{"@type":"ListItem","position":1,"name":"Home","item":"https:\/\/ijsselmeerstraat190.nl\/"},{"@type":"ListItem","position":2,"name":"Die Umgebung"}]},{"@type":"WebSite","@id":"https:\/\/ijsselmeerstraat190.nl\/#website","url":"https:\/\/ijsselmeerstraat190.nl\/","name":"IJsselmeerstraat190","description":"Luxury holiday home for every body","publisher":{"@id":"https:\/\/ijsselmeerstraat190.nl\/#organization"},"potentialAction":[{"@type":"SearchAction","target":{"@type":"EntryPoint","urlTemplate":"https:\/\/ijsselmeerstraat190.nl\/?s={search_term_string}"},"query-input":{"@type":"PropertyValueSpecification","valueRequired":true,"valueName":"search_term_string"}}],"inLanguage":"nl-NL"},{"@type":"Organization","@id":"https:\/\/ijsselmeerstraat190.nl\/#organization","name":"ijsselmeerstraat190","url":"https:\/\/ijsselmeerstraat190.nl\/","logo":{"@type":"ImageObject","inLanguage":"nl-NL","@id":"https:\/\/ijsselmeerstraat190.nl\/#\/schema\/logo\/image\/","url":"https:\/\/i0.wp.com\/ijsselmeerstraat190.nl\/wp-content\/uploads\/2021\/12\/ijsselmeerstraat190_01-scaled.jpg?fit=2560%2C1440&ssl=1","contentUrl":"https:\/\/i0.wp.com\/ijsselmeerstraat190.nl\/wp-content\/uploads\/2021\/12\/ijsselmeerstraat190_01-scaled.jpg?fit=2560%2C1440&ssl=1","width":2560,"height":1440,"caption":"ijsselmeerstraat190"},"image":{"@id":"https:\/\/ijsselmeerstraat190.nl\/#\/schema\/logo\/image\/"},"sameAs":["https:\/\/www.instagram.com\/ijsselmeerstraat190\/"]}]}},"jetpack_sharing_enabled":true,"_links":{"self":[{"href":"https:\/\/ijsselmeerstraat190.nl\/index.php?rest_route=\/wp\/v2\/pages\/834","targetHints":{"allow":["GET"]}}],"collection":[{"href":"https:\/\/ijsselmeerstraat190.nl\/index.php?rest_route=\/wp\/v2\/pages"}],"about":[{"href":"https:\/\/ijsselmeerstraat190.nl\/index.php?rest_route=\/wp\/v2\/types\/page"}],"author":[{"embeddable":true,"href":"https:\/\/ijsselmeerstraat190.nl\/index.php?rest_route=\/wp\/v2\/users\/1"}],"replies":[{"embeddable":true,"href":"https:\/\/ijsselmeerstraat190.nl\/index.php?rest_route=%2Fwp%2Fv2%2Fcomments&post=834"}],"version-history":[{"count":70,"href":"https:\/\/ijsselmeerstraat190.nl\/index.php?rest_route=\/wp\/v2\/pages\/834\/revisions"}],"predecessor-version":[{"id":1580,"href":"https:\/\/ijsselmeerstraat190.nl\/index.php?rest_route=\/wp\/v2\/pages\/834\/revisions\/1580"}],"wp:attachment":[{"href":"https:\/\/ijsselmeerstraat190.nl\/index.php?rest_route=%2Fwp%2Fv2%2Fmedia&parent=834"}],"curies":[{"name":"wp","href":"https:\/\/api.w.org\/{rel}","templated":true}]}}