{"id":766,"date":"2022-01-20T19:23:40","date_gmt":"2022-01-20T18:23:40","guid":{"rendered":"https:\/\/ijsselmeerstraat190.nl\/?page_id=766"},"modified":"2023-03-19T15:54:12","modified_gmt":"2023-03-19T14:54:12","slug":"barrierefrei","status":"publish","type":"page","link":"https:\/\/ijsselmeerstraat190.nl\/?page_id=766&lang=de","title":{"rendered":"Barrierefrei"},"content":{"rendered":"\n<section id=\"wp-block-themeisle-blocks-advanced-columns-62aa51fe\" class=\"wp-block-themeisle-blocks-advanced-columns alignfull has-1-columns has-desktop-equal-layout has-tablet-equal-layout has-mobile-equal-layout has-vertical-flex-start\"><div class=\"wp-block-themeisle-blocks-advanced-columns-overlay\"><\/div><div class=\"innerblocks-wrap\">\n<div id=\"wp-block-themeisle-blocks-advanced-column-f169ec21\" class=\"wp-block-themeisle-blocks-advanced-column\">\n<div id=\"wp-block-themeisle-blocks-advanced-heading-841ad91e\" class=\"wp-block-themeisle-blocks-advanced-heading wp-block-themeisle-blocks-advanced-heading-841ad91e\"><strong>Urlaub f\u00fcr <u>every<\/u> body<\/strong><\/div>\n\n\n\n<h2 class=\"has-text-align-center has-neve-text-color-color has-text-color wp-block-heading\">Behindertengerechte Einrichtungen<\/h2>\n\n\n\n<hr class=\"wp-block-separator has-text-color has-nv-light-bg-color has-css-opacity has-nv-light-bg-background-color has-background\"\/>\n\n\n\n<div class=\"wp-block-columns is-layout-flex wp-container-core-columns-is-layout-1 wp-block-columns-is-layout-flex\">\n<div class=\"wp-block-column is-layout-flow wp-block-column-is-layout-flow\">\n<p class=\"has-text-align-left has-neve-text-color-color has-text-color\">Als Familie mit einem Vater im Rollstuhl (hohe Querschnittl\u00e4hmung) wissen wir, wie schwierig es sein kann, ein passendes Feriendomizil zu finden.<\/p>\n\n\n\n<p class=\"has-text-align-left has-neve-text-color-color has-text-color\">Manchmal ist das Ferienhaus perfekt zug\u00e4nglich, aber das Haus hat das Aussehen eines Krankenhauses. Oder Sie k\u00f6nnen sich aufgrund hoher Schwellen oder Kieswege nicht um das Haus herum bewegen und in der N\u00e4he gibt es nichts zu tun.<\/p>\n<\/div>\n\n\n\n<div class=\"wp-block-column is-layout-flow wp-block-column-is-layout-flow\">\n<p class=\"has-text-align-left has-neve-text-color-color has-text-color\">In der <strong>IJsselmeerstraat190<\/strong> haben wir versucht, einen gem\u00fctlichen Urlaubsort zu schaffen, der mit intelligenten und eleganten Anpassungen komplett ausgestattet ist. Auch vom Rollstuhl aus gibt es im und um den Park viel zu erleben.<\/p>\n\n\n\n<p class=\"has-text-align-left has-neve-text-color-color has-text-color\">Viele Anpassungen (z. B. Papageien und Duschsitz) lassen sich leicht entfernen, wenn sie nicht ben\u00f6tigt werden.<\/p>\n<\/div>\n<\/div>\n<\/div>\n<\/div><\/section>\n\n\n\n<div class=\"wp-block-cover alignfull\"><span aria-hidden=\"true\" class=\"wp-block-cover__background has-nv-text-dark-bg-background-color has-background-dim-0 has-background-dim\"><\/span><img data-recalc-dims=\"1\" loading=\"lazy\" decoding=\"async\" width=\"1200\" height=\"675\" class=\"wp-block-cover__image-background wp-image-169\" alt=\"\" src=\"https:\/\/i0.wp.com\/ijsselmeerstraat190.nl\/wp-content\/uploads\/2021\/12\/20211210_174700-scaled.jpg?resize=1200%2C675&#038;ssl=1\" data-object-fit=\"cover\" srcset=\"https:\/\/i0.wp.com\/ijsselmeerstraat190.nl\/wp-content\/uploads\/2021\/12\/20211210_174700-scaled.jpg?w=2560&amp;ssl=1 2560w, https:\/\/i0.wp.com\/ijsselmeerstraat190.nl\/wp-content\/uploads\/2021\/12\/20211210_174700-scaled.jpg?resize=300%2C169&amp;ssl=1 300w, https:\/\/i0.wp.com\/ijsselmeerstraat190.nl\/wp-content\/uploads\/2021\/12\/20211210_174700-scaled.jpg?resize=1024%2C576&amp;ssl=1 1024w, https:\/\/i0.wp.com\/ijsselmeerstraat190.nl\/wp-content\/uploads\/2021\/12\/20211210_174700-scaled.jpg?resize=768%2C432&amp;ssl=1 768w, https:\/\/i0.wp.com\/ijsselmeerstraat190.nl\/wp-content\/uploads\/2021\/12\/20211210_174700-scaled.jpg?resize=1536%2C864&amp;ssl=1 1536w, https:\/\/i0.wp.com\/ijsselmeerstraat190.nl\/wp-content\/uploads\/2021\/12\/20211210_174700-scaled.jpg?resize=2048%2C1152&amp;ssl=1 2048w, https:\/\/i0.wp.com\/ijsselmeerstraat190.nl\/wp-content\/uploads\/2021\/12\/20211210_174700-scaled.jpg?w=2400&amp;ssl=1 2400w\" sizes=\"auto, (max-width: 1200px) 100vw, 1200px\" \/><div class=\"wp-block-cover__inner-container is-layout-flow wp-block-cover-is-layout-flow\">\n<h2 class=\"has-text-align-center wp-block-heading\">K\u00fcche<\/h2>\n<\/div><\/div>\n\n\n\n<div id=\"wp-block-themeisle-blocks-advanced-columns-9a136423\" class=\"wp-block-themeisle-blocks-advanced-columns has-1-columns has-desktop-equal-layout has-tablet-equal-layout has-mobile-equal-layout has-vertical-unset\"><div class=\"wp-block-themeisle-blocks-advanced-columns-overlay\"><\/div><div class=\"innerblocks-wrap\">\n<div id=\"wp-block-themeisle-blocks-advanced-column-1a85456c\" class=\"wp-block-themeisle-blocks-advanced-column\">\n<ul class=\"wp-block-list\"><li>Die K\u00fcche ist an der Sp\u00fcle und dem Induktionskochfeld f\u00fcr Rollstuhlfahrer geeignet.<\/li><\/ul>\n\n\n\n<ul class=\"wp-block-list\"><li>Alle K\u00fcchenschubladen und Schr\u00e4nke verf\u00fcgen \u00fcber gro\u00dfz\u00fcgige Griffe.<\/li><\/ul>\n<\/div>\n<\/div><\/div>\n\n\n\n<div class=\"wp-block-cover alignfull\"><span aria-hidden=\"true\" class=\"wp-block-cover__background has-background-dim-0 has-background-dim\"><\/span><img data-recalc-dims=\"1\" loading=\"lazy\" decoding=\"async\" width=\"1200\" height=\"675\" class=\"wp-block-cover__image-background wp-image-462\" alt=\"\" src=\"https:\/\/i0.wp.com\/ijsselmeerstraat190.nl\/wp-content\/uploads\/2022\/01\/20211210_191556_wm-scaled.jpg?resize=1200%2C675&#038;ssl=1\" data-object-fit=\"cover\" srcset=\"https:\/\/i0.wp.com\/ijsselmeerstraat190.nl\/wp-content\/uploads\/2022\/01\/20211210_191556_wm-scaled.jpg?w=2560&amp;ssl=1 2560w, https:\/\/i0.wp.com\/ijsselmeerstraat190.nl\/wp-content\/uploads\/2022\/01\/20211210_191556_wm-scaled.jpg?resize=300%2C169&amp;ssl=1 300w, https:\/\/i0.wp.com\/ijsselmeerstraat190.nl\/wp-content\/uploads\/2022\/01\/20211210_191556_wm-scaled.jpg?resize=1024%2C576&amp;ssl=1 1024w, https:\/\/i0.wp.com\/ijsselmeerstraat190.nl\/wp-content\/uploads\/2022\/01\/20211210_191556_wm-scaled.jpg?resize=768%2C432&amp;ssl=1 768w, https:\/\/i0.wp.com\/ijsselmeerstraat190.nl\/wp-content\/uploads\/2022\/01\/20211210_191556_wm-scaled.jpg?resize=1536%2C864&amp;ssl=1 1536w, https:\/\/i0.wp.com\/ijsselmeerstraat190.nl\/wp-content\/uploads\/2022\/01\/20211210_191556_wm-scaled.jpg?resize=2048%2C1152&amp;ssl=1 2048w, https:\/\/i0.wp.com\/ijsselmeerstraat190.nl\/wp-content\/uploads\/2022\/01\/20211210_191556_wm-scaled.jpg?w=2400&amp;ssl=1 2400w\" sizes=\"auto, (max-width: 1200px) 100vw, 1200px\" \/><div class=\"wp-block-cover__inner-container is-layout-flow wp-block-cover-is-layout-flow\">\n<h2 class=\"has-text-align-center wp-block-heading\">Schlafzimmer<\/h2>\n<\/div><\/div>\n\n\n\n<div id=\"wp-block-themeisle-blocks-advanced-columns-06941f18\" class=\"wp-block-themeisle-blocks-advanced-columns has-1-columns has-desktop-equal-layout has-tablet-equal-layout has-mobile-equal-layout has-vertical-unset has-default-gap\"><div class=\"wp-block-themeisle-blocks-advanced-columns-overlay\"><\/div><div class=\"innerblocks-wrap\">\n<div id=\"wp-block-themeisle-blocks-advanced-column-dd95cb0d\" class=\"wp-block-themeisle-blocks-advanced-column\">\n<ul class=\"wp-block-list\"><li>2 Elektrisch verstellbare Hoch-Tief-Betten (<a rel=\"noreferrer noopener\" href=\"https:\/\/www.medecwonen.nl\/producten\/slapen\/543-dakota-careflex-2-persoons-deelbaar\" data-type=\"URL\" data-id=\"https:\/\/www.medecwonen.nl\/producten\/slapen\/543-dakota-careflex-2-persoons-deelbaar\" target=\"_blank\">Vroomshoop Dakota Careflex<\/a>)<ul><li>Luxus-Version<\/li><li>90x200cm<\/li><li>Liegeh\u00f6he verstellbar von 25 bis 80cm (ohne Matratze)<\/li><li>Anti-Trendelenburg<\/li><li>Gerecht f\u00fcr einen Personenlifter (Achtung: es gibt keinen Personenlifter im Haus)<\/li><\/ul><\/li><\/ul>\n\n\n\n<ul class=\"wp-block-list\"><li>2 Herausnehmbare Papageien<\/li><\/ul>\n\n\n\n<ul class=\"wp-block-list\"><li>2 Anti-Dekubitus-Matratzen (<a rel=\"noreferrer noopener\" href=\"https:\/\/www.kubivent.de\/produktkatalog\/20\/\" data-type=\"URL\" data-id=\"https:\/\/www.kubivent.de\/produktkatalog\/20\/\" target=\"_blank\">Kubivent Compact<\/a>)<\/li><\/ul>\n\n\n\n<ul class=\"wp-block-list\"><li>2 Mobile Nachttische<\/li><\/ul>\n\n\n\n<ul class=\"wp-block-list\"><li>Die Betten k\u00f6nnen auch um eine Vierteldrehung gedreht werden, also mit dem Fu\u00df- oder Kopfende zum Fenster<\/li><\/ul>\n<\/div>\n<\/div><\/div>\n\n\n\n<div class=\"wp-block-cover alignfull\"><span aria-hidden=\"true\" class=\"wp-block-cover__background has-background-dim-0 has-background-dim\"><\/span><img data-recalc-dims=\"1\" loading=\"lazy\" decoding=\"async\" width=\"1200\" height=\"675\" class=\"wp-block-cover__image-background wp-image-464\" alt=\"\" src=\"https:\/\/i0.wp.com\/ijsselmeerstraat190.nl\/wp-content\/uploads\/2022\/01\/20211210_193321_wm-scaled.jpg?resize=1200%2C675&#038;ssl=1\" data-object-fit=\"cover\" srcset=\"https:\/\/i0.wp.com\/ijsselmeerstraat190.nl\/wp-content\/uploads\/2022\/01\/20211210_193321_wm-scaled.jpg?w=2560&amp;ssl=1 2560w, https:\/\/i0.wp.com\/ijsselmeerstraat190.nl\/wp-content\/uploads\/2022\/01\/20211210_193321_wm-scaled.jpg?resize=300%2C169&amp;ssl=1 300w, https:\/\/i0.wp.com\/ijsselmeerstraat190.nl\/wp-content\/uploads\/2022\/01\/20211210_193321_wm-scaled.jpg?resize=1024%2C576&amp;ssl=1 1024w, https:\/\/i0.wp.com\/ijsselmeerstraat190.nl\/wp-content\/uploads\/2022\/01\/20211210_193321_wm-scaled.jpg?resize=768%2C432&amp;ssl=1 768w, https:\/\/i0.wp.com\/ijsselmeerstraat190.nl\/wp-content\/uploads\/2022\/01\/20211210_193321_wm-scaled.jpg?resize=1536%2C864&amp;ssl=1 1536w, https:\/\/i0.wp.com\/ijsselmeerstraat190.nl\/wp-content\/uploads\/2022\/01\/20211210_193321_wm-scaled.jpg?resize=2048%2C1152&amp;ssl=1 2048w, https:\/\/i0.wp.com\/ijsselmeerstraat190.nl\/wp-content\/uploads\/2022\/01\/20211210_193321_wm-scaled.jpg?w=2400&amp;ssl=1 2400w\" sizes=\"auto, (max-width: 1200px) 100vw, 1200px\" \/><div class=\"wp-block-cover__inner-container is-layout-flow wp-block-cover-is-layout-flow\">\n<p class=\"has-text-align-center has-large-font-size\"><\/p>\n<\/div><\/div>\n\n\n\n<div style=\"height:20px\" aria-hidden=\"true\" class=\"wp-block-spacer\"><\/div>\n\n\n\n<div class=\"wp-block-cover alignfull\"><span aria-hidden=\"true\" class=\"wp-block-cover__background has-background-dim-0 has-background-dim\"><\/span><img data-recalc-dims=\"1\" loading=\"lazy\" decoding=\"async\" width=\"1200\" height=\"675\" class=\"wp-block-cover__image-background wp-image-183\" alt=\"\" src=\"https:\/\/i0.wp.com\/ijsselmeerstraat190.nl\/wp-content\/uploads\/2021\/12\/ijsselmeerstraat190_09-scaled.jpg?resize=1200%2C675&#038;ssl=1\" data-object-fit=\"cover\" srcset=\"https:\/\/i0.wp.com\/ijsselmeerstraat190.nl\/wp-content\/uploads\/2021\/12\/ijsselmeerstraat190_09-scaled.jpg?w=2560&amp;ssl=1 2560w, https:\/\/i0.wp.com\/ijsselmeerstraat190.nl\/wp-content\/uploads\/2021\/12\/ijsselmeerstraat190_09-scaled.jpg?resize=300%2C169&amp;ssl=1 300w, https:\/\/i0.wp.com\/ijsselmeerstraat190.nl\/wp-content\/uploads\/2021\/12\/ijsselmeerstraat190_09-scaled.jpg?resize=1024%2C576&amp;ssl=1 1024w, https:\/\/i0.wp.com\/ijsselmeerstraat190.nl\/wp-content\/uploads\/2021\/12\/ijsselmeerstraat190_09-scaled.jpg?resize=768%2C432&amp;ssl=1 768w, https:\/\/i0.wp.com\/ijsselmeerstraat190.nl\/wp-content\/uploads\/2021\/12\/ijsselmeerstraat190_09-scaled.jpg?resize=1536%2C864&amp;ssl=1 1536w, https:\/\/i0.wp.com\/ijsselmeerstraat190.nl\/wp-content\/uploads\/2021\/12\/ijsselmeerstraat190_09-scaled.jpg?resize=2048%2C1152&amp;ssl=1 2048w, https:\/\/i0.wp.com\/ijsselmeerstraat190.nl\/wp-content\/uploads\/2021\/12\/ijsselmeerstraat190_09-scaled.jpg?w=2400&amp;ssl=1 2400w\" sizes=\"auto, (max-width: 1200px) 100vw, 1200px\" \/><div class=\"wp-block-cover__inner-container is-layout-flow wp-block-cover-is-layout-flow\">\n<h2 class=\"has-text-align-center wp-block-heading\">Badezimmer \/ Toilette<\/h2>\n<\/div><\/div>\n\n\n\n<div id=\"wp-block-themeisle-blocks-advanced-columns-d19340b3\" class=\"wp-block-themeisle-blocks-advanced-columns has-1-columns has-desktop-equal-layout has-tablet-equal-layout has-mobile-equal-layout has-vertical-unset has-default-gap\"><div class=\"wp-block-themeisle-blocks-advanced-columns-overlay\"><\/div><div class=\"innerblocks-wrap\">\n<div id=\"wp-block-themeisle-blocks-advanced-column-cdcfedfb\" class=\"wp-block-themeisle-blocks-advanced-column\">\n<ul class=\"wp-block-list\"><li>Badezimmer und Toilette im gleichen Raum<\/li><\/ul>\n\n\n\n<ul class=\"wp-block-list\"><li>Duschboden ohne Barrieren<\/li><\/ul>\n\n\n\n<ul class=\"wp-block-list\"><li>Rollstuhlgerechte Sonnendusche mit UV- und Infrarotfunktion<\/li><\/ul>\n\n\n\n<ul class=\"wp-block-list\"><li><a href=\"https:\/\/www.etac.com\/products\/bathroom-aids\/bathing--showering\/etac-swift-shower-stoolchair\/\" target=\"_blank\" rel=\"noreferrer noopener\">Etac Swift<\/a> verstellbarer Duschstuhl mit abnehmbaren R\u00fccken- und Armlehnen<\/li><\/ul>\n\n\n\n<ul class=\"wp-block-list\"><li>Robuste und stilvolle Halterungen von <a rel=\"noreferrer noopener\" href=\"https:\/\/www.delabiebenelux.com\/nl\/onze-producten\/toegankelijkheid-en-autonomie-hygiene-accessoires\/be-line-R-serie\" data-type=\"URL\" data-id=\"https:\/\/www.delabiebenelux.com\/nl\/onze-producten\/toegankelijkheid-en-autonomie-hygiene-accessoires\/be-line-R-serie\" target=\"_blank\">Delabie Be-line<\/a> an Toilette und Dusche\/Sonnendusche<\/li><\/ul>\n<\/div>\n<\/div><\/div>\n\n\n\n<div class=\"wp-block-cover alignfull\"><span aria-hidden=\"true\" class=\"wp-block-cover__background has-background-dim-0 has-background-dim\"><\/span><img data-recalc-dims=\"1\" loading=\"lazy\" decoding=\"async\" width=\"1200\" height=\"675\" class=\"wp-block-cover__image-background wp-image-468\" alt=\"\" src=\"https:\/\/i0.wp.com\/ijsselmeerstraat190.nl\/wp-content\/uploads\/2022\/01\/20211210_194440_wm-scaled.jpg?resize=1200%2C675&#038;ssl=1\" data-object-fit=\"cover\" srcset=\"https:\/\/i0.wp.com\/ijsselmeerstraat190.nl\/wp-content\/uploads\/2022\/01\/20211210_194440_wm-scaled.jpg?w=2560&amp;ssl=1 2560w, https:\/\/i0.wp.com\/ijsselmeerstraat190.nl\/wp-content\/uploads\/2022\/01\/20211210_194440_wm-scaled.jpg?resize=300%2C169&amp;ssl=1 300w, https:\/\/i0.wp.com\/ijsselmeerstraat190.nl\/wp-content\/uploads\/2022\/01\/20211210_194440_wm-scaled.jpg?resize=1024%2C576&amp;ssl=1 1024w, https:\/\/i0.wp.com\/ijsselmeerstraat190.nl\/wp-content\/uploads\/2022\/01\/20211210_194440_wm-scaled.jpg?resize=768%2C432&amp;ssl=1 768w, https:\/\/i0.wp.com\/ijsselmeerstraat190.nl\/wp-content\/uploads\/2022\/01\/20211210_194440_wm-scaled.jpg?resize=1536%2C864&amp;ssl=1 1536w, https:\/\/i0.wp.com\/ijsselmeerstraat190.nl\/wp-content\/uploads\/2022\/01\/20211210_194440_wm-scaled.jpg?resize=2048%2C1152&amp;ssl=1 2048w, https:\/\/i0.wp.com\/ijsselmeerstraat190.nl\/wp-content\/uploads\/2022\/01\/20211210_194440_wm-scaled.jpg?w=2400&amp;ssl=1 2400w\" sizes=\"auto, (max-width: 1200px) 100vw, 1200px\" \/><div class=\"wp-block-cover__inner-container is-layout-flow wp-block-cover-is-layout-flow\">\n<p class=\"has-text-align-center has-large-font-size\"><\/p>\n<\/div><\/div>\n\n\n\n<div id=\"wp-block-themeisle-blocks-advanced-columns-4a123c23\" class=\"wp-block-themeisle-blocks-advanced-columns has-1-columns has-desktop-equal-layout has-tablet-equal-layout has-mobile-equal-layout has-vertical-unset has-default-gap\"><div class=\"wp-block-themeisle-blocks-advanced-columns-overlay\"><\/div><div class=\"innerblocks-wrap\">\n<div id=\"wp-block-themeisle-blocks-advanced-column-951d2728\" class=\"wp-block-themeisle-blocks-advanced-column\">\n<p>Wenn Sie die genauen Ma\u00dfe eines Raumes wissen m\u00f6chten, <a href=\"https:\/\/ijsselmeerstraat190.nl\/?page_id=679&amp;lang=de\" data-type=\"page\" data-id=\"679\">kontaktieren<\/a> Sie uns bitte.<\/p>\n<\/div>\n<\/div><\/div>\n","protected":false},"excerpt":{"rendered":"","protected":false},"author":1,"featured_media":0,"parent":0,"menu_order":0,"comment_status":"closed","ping_status":"closed","template":"page-templates\/template-pagebuilder-full-width.php","meta":{"neve_meta_sidebar":"","neve_meta_container":"","neve_meta_enable_content_width":"","neve_meta_content_width":0,"neve_meta_title_alignment":"","neve_meta_author_avatar":"","neve_post_elements_order":"","neve_meta_disable_header":"","neve_meta_disable_footer":"","neve_meta_disable_title":"","_themeisle_gutenberg_block_has_review":false,"footnotes":""},"class_list":["post-766","page","type-page","status-publish","hentry"],"yoast_head":"<!-- This site is optimized with the Yoast SEO plugin v26.2 - https:\/\/yoast.com\/wordpress\/plugins\/seo\/ -->\r\n<title>Barrierefrei | IJsselmeerstraat190<\/title>\r\n<meta name=\"robots\" content=\"index, follow, max-snippet:-1, max-image-preview:large, max-video-preview:-1\" \/>\r\n<link rel=\"canonical\" href=\"https:\/\/ijsselmeerstraat190.nl\/?page_id=766&lang=de\" \/>\r\n<meta property=\"og:locale\" content=\"nl_NL\" \/>\r\n<meta property=\"og:type\" content=\"article\" \/>\r\n<meta property=\"og:title\" content=\"Barrierefrei | IJsselmeerstraat190\" \/>\r\n<meta property=\"og:url\" content=\"https:\/\/ijsselmeerstraat190.nl\/?page_id=766&amp;lang=de\" \/>\r\n<meta property=\"og:site_name\" content=\"IJsselmeerstraat190\" \/>\r\n<meta property=\"article:modified_time\" content=\"2023-03-19T14:54:12+00:00\" \/>\r\n<meta property=\"og:image\" content=\"https:\/\/ijsselmeerstraat190.nl\/wp-content\/uploads\/2021\/12\/20211210_174700-scaled.jpg\" \/>\r\n<meta name=\"twitter:card\" content=\"summary_large_image\" \/>\r\n<meta name=\"twitter:label1\" content=\"Geschatte leestijd\" \/>\n\t<meta name=\"twitter:data1\" content=\"3 minuten\" \/>\r\n<script type=\"application\/ld+json\" class=\"yoast-schema-graph\">{\"@context\":\"https:\/\/schema.org\",\"@graph\":[{\"@type\":\"WebPage\",\"@id\":\"https:\/\/ijsselmeerstraat190.nl\/?page_id=766&lang=de\",\"url\":\"https:\/\/ijsselmeerstraat190.nl\/?page_id=766&lang=de\",\"name\":\"Barrierefrei | IJsselmeerstraat190\",\"isPartOf\":{\"@id\":\"https:\/\/ijsselmeerstraat190.nl\/#website\"},\"primaryImageOfPage\":{\"@id\":\"https:\/\/ijsselmeerstraat190.nl\/?page_id=766&lang=de#primaryimage\"},\"image\":{\"@id\":\"https:\/\/ijsselmeerstraat190.nl\/?page_id=766&lang=de#primaryimage\"},\"thumbnailUrl\":\"https:\/\/ijsselmeerstraat190.nl\/wp-content\/uploads\/2021\/12\/20211210_174700-scaled.jpg\",\"datePublished\":\"2022-01-20T18:23:40+00:00\",\"dateModified\":\"2023-03-19T14:54:12+00:00\",\"breadcrumb\":{\"@id\":\"https:\/\/ijsselmeerstraat190.nl\/?page_id=766&lang=de#breadcrumb\"},\"inLanguage\":\"nl-NL\",\"potentialAction\":[{\"@type\":\"ReadAction\",\"target\":[\"https:\/\/ijsselmeerstraat190.nl\/?page_id=766&lang=de\"]}]},{\"@type\":\"ImageObject\",\"inLanguage\":\"nl-NL\",\"@id\":\"https:\/\/ijsselmeerstraat190.nl\/?page_id=766&lang=de#primaryimage\",\"url\":\"https:\/\/i0.wp.com\/ijsselmeerstraat190.nl\/wp-content\/uploads\/2021\/12\/20211210_174700-scaled.jpg?fit=2560%2C1440&ssl=1\",\"contentUrl\":\"https:\/\/i0.wp.com\/ijsselmeerstraat190.nl\/wp-content\/uploads\/2021\/12\/20211210_174700-scaled.jpg?fit=2560%2C1440&ssl=1\",\"width\":2560,\"height\":1440,\"caption\":\"Keuken\"},{\"@type\":\"BreadcrumbList\",\"@id\":\"https:\/\/ijsselmeerstraat190.nl\/?page_id=766&lang=de#breadcrumb\",\"itemListElement\":[{\"@type\":\"ListItem\",\"position\":1,\"name\":\"Home\",\"item\":\"https:\/\/ijsselmeerstraat190.nl\/\"},{\"@type\":\"ListItem\",\"position\":2,\"name\":\"Barrierefrei\"}]},{\"@type\":\"WebSite\",\"@id\":\"https:\/\/ijsselmeerstraat190.nl\/#website\",\"url\":\"https:\/\/ijsselmeerstraat190.nl\/\",\"name\":\"IJsselmeerstraat190\",\"description\":\"Luxury holiday home for every body\",\"publisher\":{\"@id\":\"https:\/\/ijsselmeerstraat190.nl\/#organization\"},\"potentialAction\":[{\"@type\":\"SearchAction\",\"target\":{\"@type\":\"EntryPoint\",\"urlTemplate\":\"https:\/\/ijsselmeerstraat190.nl\/?s={search_term_string}\"},\"query-input\":{\"@type\":\"PropertyValueSpecification\",\"valueRequired\":true,\"valueName\":\"search_term_string\"}}],\"inLanguage\":\"nl-NL\"},{\"@type\":\"Organization\",\"@id\":\"https:\/\/ijsselmeerstraat190.nl\/#organization\",\"name\":\"ijsselmeerstraat190\",\"url\":\"https:\/\/ijsselmeerstraat190.nl\/\",\"logo\":{\"@type\":\"ImageObject\",\"inLanguage\":\"nl-NL\",\"@id\":\"https:\/\/ijsselmeerstraat190.nl\/#\/schema\/logo\/image\/\",\"url\":\"https:\/\/i0.wp.com\/ijsselmeerstraat190.nl\/wp-content\/uploads\/2021\/12\/ijsselmeerstraat190_01-scaled.jpg?fit=2560%2C1440&ssl=1\",\"contentUrl\":\"https:\/\/i0.wp.com\/ijsselmeerstraat190.nl\/wp-content\/uploads\/2021\/12\/ijsselmeerstraat190_01-scaled.jpg?fit=2560%2C1440&ssl=1\",\"width\":2560,\"height\":1440,\"caption\":\"ijsselmeerstraat190\"},\"image\":{\"@id\":\"https:\/\/ijsselmeerstraat190.nl\/#\/schema\/logo\/image\/\"},\"sameAs\":[\"https:\/\/www.instagram.com\/ijsselmeerstraat190\/\"]}]}<\/script>\r\n<!-- \/ Yoast SEO plugin. -->","yoast_head_json":{"title":"Barrierefrei | IJsselmeerstraat190","robots":{"index":"index","follow":"follow","max-snippet":"max-snippet:-1","max-image-preview":"max-image-preview:large","max-video-preview":"max-video-preview:-1"},"canonical":"https:\/\/ijsselmeerstraat190.nl\/?page_id=766&lang=de","og_locale":"nl_NL","og_type":"article","og_title":"Barrierefrei | IJsselmeerstraat190","og_url":"https:\/\/ijsselmeerstraat190.nl\/?page_id=766&lang=de","og_site_name":"IJsselmeerstraat190","article_modified_time":"2023-03-19T14:54:12+00:00","og_image":[{"url":"https:\/\/ijsselmeerstraat190.nl\/wp-content\/uploads\/2021\/12\/20211210_174700-scaled.jpg","type":"","width":"","height":""}],"twitter_card":"summary_large_image","twitter_misc":{"Geschatte leestijd":"3 minuten"},"schema":{"@context":"https:\/\/schema.org","@graph":[{"@type":"WebPage","@id":"https:\/\/ijsselmeerstraat190.nl\/?page_id=766&lang=de","url":"https:\/\/ijsselmeerstraat190.nl\/?page_id=766&lang=de","name":"Barrierefrei | IJsselmeerstraat190","isPartOf":{"@id":"https:\/\/ijsselmeerstraat190.nl\/#website"},"primaryImageOfPage":{"@id":"https:\/\/ijsselmeerstraat190.nl\/?page_id=766&lang=de#primaryimage"},"image":{"@id":"https:\/\/ijsselmeerstraat190.nl\/?page_id=766&lang=de#primaryimage"},"thumbnailUrl":"https:\/\/ijsselmeerstraat190.nl\/wp-content\/uploads\/2021\/12\/20211210_174700-scaled.jpg","datePublished":"2022-01-20T18:23:40+00:00","dateModified":"2023-03-19T14:54:12+00:00","breadcrumb":{"@id":"https:\/\/ijsselmeerstraat190.nl\/?page_id=766&lang=de#breadcrumb"},"inLanguage":"nl-NL","potentialAction":[{"@type":"ReadAction","target":["https:\/\/ijsselmeerstraat190.nl\/?page_id=766&lang=de"]}]},{"@type":"ImageObject","inLanguage":"nl-NL","@id":"https:\/\/ijsselmeerstraat190.nl\/?page_id=766&lang=de#primaryimage","url":"https:\/\/i0.wp.com\/ijsselmeerstraat190.nl\/wp-content\/uploads\/2021\/12\/20211210_174700-scaled.jpg?fit=2560%2C1440&ssl=1","contentUrl":"https:\/\/i0.wp.com\/ijsselmeerstraat190.nl\/wp-content\/uploads\/2021\/12\/20211210_174700-scaled.jpg?fit=2560%2C1440&ssl=1","width":2560,"height":1440,"caption":"Keuken"},{"@type":"BreadcrumbList","@id":"https:\/\/ijsselmeerstraat190.nl\/?page_id=766&lang=de#breadcrumb","itemListElement":[{"@type":"ListItem","position":1,"name":"Home","item":"https:\/\/ijsselmeerstraat190.nl\/"},{"@type":"ListItem","position":2,"name":"Barrierefrei"}]},{"@type":"WebSite","@id":"https:\/\/ijsselmeerstraat190.nl\/#website","url":"https:\/\/ijsselmeerstraat190.nl\/","name":"IJsselmeerstraat190","description":"Luxury holiday home for every body","publisher":{"@id":"https:\/\/ijsselmeerstraat190.nl\/#organization"},"potentialAction":[{"@type":"SearchAction","target":{"@type":"EntryPoint","urlTemplate":"https:\/\/ijsselmeerstraat190.nl\/?s={search_term_string}"},"query-input":{"@type":"PropertyValueSpecification","valueRequired":true,"valueName":"search_term_string"}}],"inLanguage":"nl-NL"},{"@type":"Organization","@id":"https:\/\/ijsselmeerstraat190.nl\/#organization","name":"ijsselmeerstraat190","url":"https:\/\/ijsselmeerstraat190.nl\/","logo":{"@type":"ImageObject","inLanguage":"nl-NL","@id":"https:\/\/ijsselmeerstraat190.nl\/#\/schema\/logo\/image\/","url":"https:\/\/i0.wp.com\/ijsselmeerstraat190.nl\/wp-content\/uploads\/2021\/12\/ijsselmeerstraat190_01-scaled.jpg?fit=2560%2C1440&ssl=1","contentUrl":"https:\/\/i0.wp.com\/ijsselmeerstraat190.nl\/wp-content\/uploads\/2021\/12\/ijsselmeerstraat190_01-scaled.jpg?fit=2560%2C1440&ssl=1","width":2560,"height":1440,"caption":"ijsselmeerstraat190"},"image":{"@id":"https:\/\/ijsselmeerstraat190.nl\/#\/schema\/logo\/image\/"},"sameAs":["https:\/\/www.instagram.com\/ijsselmeerstraat190\/"]}]}},"jetpack_sharing_enabled":true,"_links":{"self":[{"href":"https:\/\/ijsselmeerstraat190.nl\/index.php?rest_route=\/wp\/v2\/pages\/766","targetHints":{"allow":["GET"]}}],"collection":[{"href":"https:\/\/ijsselmeerstraat190.nl\/index.php?rest_route=\/wp\/v2\/pages"}],"about":[{"href":"https:\/\/ijsselmeerstraat190.nl\/index.php?rest_route=\/wp\/v2\/types\/page"}],"author":[{"embeddable":true,"href":"https:\/\/ijsselmeerstraat190.nl\/index.php?rest_route=\/wp\/v2\/users\/1"}],"replies":[{"embeddable":true,"href":"https:\/\/ijsselmeerstraat190.nl\/index.php?rest_route=%2Fwp%2Fv2%2Fcomments&post=766"}],"version-history":[{"count":5,"href":"https:\/\/ijsselmeerstraat190.nl\/index.php?rest_route=\/wp\/v2\/pages\/766\/revisions"}],"predecessor-version":[{"id":1308,"href":"https:\/\/ijsselmeerstraat190.nl\/index.php?rest_route=\/wp\/v2\/pages\/766\/revisions\/1308"}],"wp:attachment":[{"href":"https:\/\/ijsselmeerstraat190.nl\/index.php?rest_route=%2Fwp%2Fv2%2Fmedia&parent=766"}],"curies":[{"name":"wp","href":"https:\/\/api.w.org\/{rel}","templated":true}]}}